{"id":13,"date":"2016-11-11T21:38:10","date_gmt":"2016-11-11T21:38:10","guid":{"rendered":"http:\/\/godes-test-site.com\/mslaw\/?page_id=13"},"modified":"2017-05-03T17:28:34","modified_gmt":"2017-05-03T17:28:34","slug":"how-can-we-help-you","status":"publish","type":"page","link":"https:\/\/macshanlaw.com\/spanish\/","title":{"rendered":"P\u00e1gina principal"},"content":{"rendered":"<h1>\u00bfC\u00f3mo podemos ayudarle?<\/h1>\n<p>Las leyes existen para proteger a las personas. Sin embargo, para recibir todos los beneficios que merece a trav\u00e9s del sistema legal, usted necesitar\u00e1 un abogado diligente, experimentado que entienda su problema espec\u00edfico. Alguien que le defienda con vehemencia y pueda ayudarle a transitar las complejidades de su caso tan r\u00e1pido como sea posible.<\/p>\n<p>&nbsp;<\/p>\n<p>En MacNaughton &amp; Shanahan PLLC, ofrecemos un servicio excepcional basado en la buena comunicaci\u00f3n, la atenci\u00f3n y las relaciones personales. Tenemos amplia disponibilidad, tanto a trav\u00e9s de nuestros tel\u00e9fonos m\u00f3viles como de nuestra oficina. Programaremos una cita para tratar su caso y no le cobraremos la consulta inicial.<\/p>\n<p>&nbsp;<\/p>\n<p>&nbsp;<\/p>\n<hr \/>\n<p>&nbsp;<\/p>\n<p><a href=\"https:\/\/www.houstoniamag.com\/slideshows\/2016\/12\/6\/houstonia-s-2016-top-lawyers-celebration\"><img loading=\"lazy\" decoding=\"async\" class=\"alignleft size-full wp-image-162\" src=\"http:\/\/macshanlaw.com\/spanish\/wp-content\/uploads\/2016\/12\/top_lawyer.jpg\" alt=\"\" width=\"234\" height=\"233\" srcset=\"https:\/\/macshanlaw.com\/spanish\/wp-content\/uploads\/2016\/12\/top_lawyer.jpg 234w, https:\/\/macshanlaw.com\/spanish\/wp-content\/uploads\/2016\/12\/top_lawyer-150x150.jpg 150w\" sizes=\"auto, (max-width: 234px) 100vw, 234px\" \/><\/a><\/p>\n<p>&nbsp;<\/p>\n<p>&nbsp;<\/p>\n<div class=\"top1\">\n<p>En el Despacho de Abogados MacNaughton and Shanahan nos sentimos honrados por haber sido nombrados entre los <em>\u201cTop Lawyers of 2016<\/em>\u201d (Principales abogados de 2016) de la revista Houstonia por nuestra pr\u00e1ctica respecto de indemnizaci\u00f3n laboral. Estamos muy entusiasmados por ser reconocidos por nuestra incansable b\u00fasqueda de la justicia en nombre de nuestros clientes.<\/p>\n<\/div>\n","protected":false},"excerpt":{"rendered":"<p>\u00bfC\u00f3mo podemos ayudarle? Las leyes existen para proteger a las personas. Sin embargo, para recibir todos los beneficios que merece a trav\u00e9s del sistema legal, usted necesitar\u00e1 un abogado diligente, experimentado que entienda su problema espec\u00edfico. Alguien que le defienda con vehemencia y pueda ayudarle a transitar las complejidades de su caso tan r\u00e1pido como [&hellip;]<\/p>\n","protected":false},"author":1,"featured_media":0,"parent":0,"menu_order":0,"comment_status":"closed","ping_status":"closed","template":"","meta":{"footnotes":""},"class_list":["post-13","page","type-page","status-publish","hentry"],"_links":{"self":[{"href":"https:\/\/macshanlaw.com\/spanish\/wp-json\/wp\/v2\/pages\/13","targetHints":{"allow":["GET"]}}],"collection":[{"href":"https:\/\/macshanlaw.com\/spanish\/wp-json\/wp\/v2\/pages"}],"about":[{"href":"https:\/\/macshanlaw.com\/spanish\/wp-json\/wp\/v2\/types\/page"}],"author":[{"embeddable":true,"href":"https:\/\/macshanlaw.com\/spanish\/wp-json\/wp\/v2\/users\/1"}],"replies":[{"embeddable":true,"href":"https:\/\/macshanlaw.com\/spanish\/wp-json\/wp\/v2\/comments?post=13"}],"version-history":[{"count":6,"href":"https:\/\/macshanlaw.com\/spanish\/wp-json\/wp\/v2\/pages\/13\/revisions"}],"predecessor-version":[{"id":224,"href":"https:\/\/macshanlaw.com\/spanish\/wp-json\/wp\/v2\/pages\/13\/revisions\/224"}],"wp:attachment":[{"href":"https:\/\/macshanlaw.com\/spanish\/wp-json\/wp\/v2\/media?parent=13"}],"curies":[{"name":"wp","href":"https:\/\/api.w.org\/{rel}","templated":true}]}}