{"id":17,"date":"2016-11-11T21:39:18","date_gmt":"2016-11-11T21:39:18","guid":{"rendered":"http:\/\/godes-test-site.com\/mslaw\/?page_id=17"},"modified":"2017-05-05T19:05:18","modified_gmt":"2017-05-05T19:05:18","slug":"attorneys","status":"publish","type":"page","link":"https:\/\/macshanlaw.com\/spanish\/attorneys\/","title":{"rendered":"Abogados"},"content":{"rendered":"<h3>Jennifer Shanahan<\/h3>\n<p>&nbsp;<\/p>\n<p><img loading=\"lazy\" decoding=\"async\" class=\"alignleft size-full wp-image-130\" src=\"http:\/\/macshanlaw.com\/spanish\/wp-content\/uploads\/2016\/11\/Shanahan-Pic.web_.jpg\" alt=\"\" width=\"200\" height=\"300\" \/><\/p>\n<p>Originaria de Houston, Jennifer Shanahan aprendi\u00f3 a hablar Espa\u00f1ol con fluidez como hija de padre nacido en Houston y madre Mexicana. Orgullosa de representar a su comunidad hispana, Jennifer curs\u00f3 la St. Agnes Academy antes de graduarse como la mejor de su clase en Loyola University en Nueva Orleans y obtener su t\u00edtulo de abogada en South Texas College of Law.<\/p>\n<p>&nbsp;<\/p>\n<p>Admitida al Colegio de Abogados del Estado de Texas en 2006, comenz\u00f3 su carrera como abogada demandante para un peque\u00f1o bufete independiente, donde ayud\u00f3 al Socio Gerente a desarrollar una empresa destacada poniendo a los clientes en primer lugar. El servicio de calidad contin\u00faa siendo el sello distintivo de su pr\u00e1ctica hoy.<\/p>\n<p>&nbsp;<\/p>\n<p><em>\u201cNuestra perseverancia y dedicaci\u00f3n nos distinguen\u201d,<\/em>\u00a0sostiene.<em>\u00a0\u201cVamos m\u00e1s all\u00e1 de lo requerido para mantener a nuestros clientes informados; al mismo tiempo, que maximizamos los beneficios que esperan y merecen.\u201d<\/em><\/p>\n<p>&nbsp;<\/p>\n<p>Correo electr\u00f3nico:\u00a0<a href=\"mailto:\u00a0jennifer@macshanlaw.com\">\u00a0jennifer@macshanlaw.com<\/a><br \/>\n Tel\u00e9fono celular:\u00a0832-265-6807<\/p>\n<p>&nbsp;<\/p>\n<p>&nbsp;<\/p>\n<h3>Meredith MacNaughton<\/h3>\n<p>&nbsp;<\/p>\n<p><img loading=\"lazy\" decoding=\"async\" class=\"alignleft size-full wp-image-132\" src=\"http:\/\/macshanlaw.com\/spanish\/wp-content\/uploads\/2016\/11\/MacNaughton-Pic.web_.jpg\" alt=\"\" width=\"200\" height=\"300\" \/><\/p>\n<p>Originaria de Texas, Meredith MacNaughton creci\u00f3 en Houston.Se gradu\u00f3 en Bellaire High School y en la University of Texas en Austin.\u00a0 Obtuvo su t\u00edtulo de abogada en South Texas College of Law en 2007 y fue admitida al Colegio de Abogados del Estado de Texas en el mismo a\u00f1o.<\/p>\n<p>&nbsp;<\/p>\n<p>Habi\u00e9ndose dedicado a las \u00e1reas de indemnizaci\u00f3n laboral y lesiones personales desde el comienzo, ha logrado una gran reputaci\u00f3n dado su profundo conocimiento del derecho y su eficacia para obtener exitosos resultados en sus casos.<\/p>\n<p>&nbsp;<\/p>\n<p><em>\u201cEstar lesionado y sin trabajo puede ser muy dif\u00edcil y alarmante,\u201d<\/em>\u00a0dice.\u00a0<em>\u201cTrabajamos arduamente para que el proceso de lidiar con las compa\u00f1\u00edas de seguro resulte tan simple como sea posible.\u201d<\/em><\/p>\n<p>&nbsp;<\/p>\n<p>Correo electr\u00f3nico:\u00a0<a href=\"mailto:meredith@macshanlaw.com\">meredith@macshanlaw.com<\/a> <br \/>\n Tel\u00e9fono celular:\u00a0281-221-3432<\/p>\n<p>&nbsp;<\/p>\n","protected":false},"excerpt":{"rendered":"<p>Jennifer Shanahan &nbsp; Originaria de Houston, Jennifer Shanahan aprendi\u00f3 a hablar Espa\u00f1ol con fluidez como hija de padre nacido en Houston y madre Mexicana. Orgullosa de representar a su comunidad hispana, Jennifer curs\u00f3 la St. Agnes Academy antes de graduarse como la mejor de su clase en Loyola University en Nueva Orleans y obtener su [&hellip;]<\/p>\n","protected":false},"author":1,"featured_media":0,"parent":0,"menu_order":0,"comment_status":"closed","ping_status":"closed","template":"","meta":{"footnotes":""},"class_list":["post-17","page","type-page","status-publish","hentry"],"_links":{"self":[{"href":"https:\/\/macshanlaw.com\/spanish\/wp-json\/wp\/v2\/pages\/17","targetHints":{"allow":["GET"]}}],"collection":[{"href":"https:\/\/macshanlaw.com\/spanish\/wp-json\/wp\/v2\/pages"}],"about":[{"href":"https:\/\/macshanlaw.com\/spanish\/wp-json\/wp\/v2\/types\/page"}],"author":[{"embeddable":true,"href":"https:\/\/macshanlaw.com\/spanish\/wp-json\/wp\/v2\/users\/1"}],"replies":[{"embeddable":true,"href":"https:\/\/macshanlaw.com\/spanish\/wp-json\/wp\/v2\/comments?post=17"}],"version-history":[{"count":6,"href":"https:\/\/macshanlaw.com\/spanish\/wp-json\/wp\/v2\/pages\/17\/revisions"}],"predecessor-version":[{"id":239,"href":"https:\/\/macshanlaw.com\/spanish\/wp-json\/wp\/v2\/pages\/17\/revisions\/239"}],"wp:attachment":[{"href":"https:\/\/macshanlaw.com\/spanish\/wp-json\/wp\/v2\/media?parent=17"}],"curies":[{"name":"wp","href":"https:\/\/api.w.org\/{rel}","templated":true}]}}