{"id":184,"date":"2017-03-23T17:30:06","date_gmt":"2017-03-23T17:30:06","guid":{"rendered":"http:\/\/godes-test-site.com\/mslaw\/?page_id=184"},"modified":"2017-05-03T18:13:40","modified_gmt":"2017-05-03T18:13:40","slug":"injuries","status":"publish","type":"page","link":"https:\/\/macshanlaw.com\/spanish\/injuries\/","title":{"rendered":"Injuries"},"content":{"rendered":"<p>&nbsp;<\/p>\n<h3>\u00bfHa resultado lesionado en el trabajo o en un accidente de tr\u00e1nsito?<\/h3>\n<p>Podemos ayudarle a calmar el dolor que aparece despu\u00e9s: el dolor triplemente severo que se incrementa cuando debe afrontar las facturas m\u00e9dicas y el lucro cesante que se suman al dolor f\u00edsico.<\/p>\n<p>&nbsp;<\/p>\n<p>Recientemente reconocidos por la revista Houstonia como uno de los mejores despachos especializados en indemnizaci\u00f3n laboral de la ciudad, contamos con amplia experiencia y un r\u00e9cord de victorias en casos que involucran problemas m\u00e9dicos, accidentes y lesiones laborales. Defendemos a nuestros clientes para ayudarles a obtener los beneficios que merecen.<\/p>\n<p>&nbsp;<\/p>\n<p>La mayor\u00eda de nuestros casos de lesiones personales e indemnizaci\u00f3n laboral son sobre una base de contingencias, es decir, que debemos ganar por usted: no cobramos a menos que usted lo haga.<\/p>\n<p>&nbsp;<\/p>\n<h3>Casos de indemnizaci\u00f3n laboral o de no suscripci\u00f3n al seguro<\/h3>\n<p>En Texas, usted tiene derecho a beneficios m\u00e9dicos necesarios y razonables de por vida y beneficios de ingresos si usted no puede trabajar debido a una lesi\u00f3n laboral.<\/p>\n<p>&nbsp;<\/p>\n<p>Pero lidiar con el proceso de Indemnizaci\u00f3n Laboral de Texas puede resultar confuso y frustrante. Aplican diferentes reglas, dependiendo de si su compa\u00f1\u00eda cuenta o no con seguro de indemnizaci\u00f3n laboral. De cualquier manera, abogados y expertos m\u00e9dicos de la defensa har\u00e1n todo lo posible por enga\u00f1arle y limitar o negarle la indemnizaci\u00f3n que le corresponde.<\/p>\n<p>&nbsp;<\/p>\n<h3>Reclamaciones contra terceros<\/h3>\n<p>M\u00faltiples entidades pueden ser culpables por las lesiones laborales. Una reclamaci\u00f3n contra terceros lleva su caso m\u00e1s all\u00e1 de su empleador, hasta otros individuos o compa\u00f1\u00edas. A diferencia de los beneficios del seguro de indemnizaci\u00f3n laboral, que son limitados y s\u00f3lo cubren beneficios m\u00e9dicos y de reemplazo de ingresos, los beneficios por acuerdos con terceros pueden incluir compensaci\u00f3n para gastos m\u00e9dicos, lucro cesante, incapacidad y da\u00f1os morales.<\/p>\n<p>&nbsp;<\/p>\n<h3>Lesi\u00f3n personal<\/h3>\n<p>Las v\u00edctimas de accidentes con veh\u00edculos motorizados tienen derecho a compensaci\u00f3n por da\u00f1o a la propiedad, reemplazo o reparaciones del automotor, facturas m\u00e9dicas, lucro cesante, da\u00f1os morales, lesi\u00f3n permanente y todos los gastos en los que se incurra como resultado del accidente.\u00a0Los abogados de los liquidadores de seguros quieren que usted llegue a un acuerdo r\u00e1pido, por la menor cantidad de dinero posible. Trabajamos incansablemente para que usted reciba todo lo que merece.<\/p>\n<p>&nbsp;<\/p>\n<h3>Ley de compensaci\u00f3n para trabajadores mar\u00edtimos y portuarios (Longshore) y ley Jones<\/h3>\n<p>Cuando ocurre una lesi\u00f3n laboral en un muelle o en el agua, aplica la ley federal, y es bastante diferente de las reglas del seguro de indemnizaci\u00f3n laboral estatal. Adem\u00e1s de beneficios m\u00e9dicos y de ingresos durante su tratamiento, las leyes Longshore y Jones le otorgan derecho a recibir un resarcimiento econ\u00f3mico al finalizar su caso.<\/p>\n<p>&nbsp;<\/p>\n<h3>Reclamaciones por fallecimiento<\/h3>\n<p>Nada puede devolverle a un ser querido perdido. Pero si la negligencia fue un factor contribuyente a dicha p\u00e9rdida, puede intentar obtener indemnizaci\u00f3n por da\u00f1os y perjuicios por m\u00e1s que su da\u00f1o moral.\u00a0 Si usted ha perdido al sost\u00e9n de su hogar, puede recibir compensaci\u00f3n por lucro cesante. \u00a0Si perdi\u00f3 a su c\u00f3nyuge, puede tener derecho a p\u00e9rdida conyugal. Su familia necesita que la cuiden, y merece que la traten en forma justa.<\/p>\n<p>&nbsp;<\/p>\n<h3><a id=\"socialsec\"><\/a>Reclamaciones del seguro social<\/h3>\n<p>Usted puede tener derecho a beneficios de incapacidad del seguro social si no puede trabajar por un a\u00f1o o m\u00e1s debido a una lesi\u00f3n, accidente o alg\u00fan otro problema m\u00e9dico.<\/p>\n<p>&nbsp;<\/p>\n<p>&nbsp;<\/p>\n","protected":false},"excerpt":{"rendered":"<p>&nbsp; \u00bfHa resultado lesionado en el trabajo o en un accidente de tr\u00e1nsito? Podemos ayudarle a calmar el dolor que aparece despu\u00e9s: el dolor triplemente severo que se incrementa cuando debe afrontar las facturas m\u00e9dicas y el lucro cesante que se suman al dolor f\u00edsico. &nbsp; Recientemente reconocidos por la revista Houstonia como uno de [&hellip;]<\/p>\n","protected":false},"author":1,"featured_media":0,"parent":0,"menu_order":0,"comment_status":"closed","ping_status":"closed","template":"","meta":{"footnotes":""},"class_list":["post-184","page","type-page","status-publish","hentry"],"_links":{"self":[{"href":"https:\/\/macshanlaw.com\/spanish\/wp-json\/wp\/v2\/pages\/184","targetHints":{"allow":["GET"]}}],"collection":[{"href":"https:\/\/macshanlaw.com\/spanish\/wp-json\/wp\/v2\/pages"}],"about":[{"href":"https:\/\/macshanlaw.com\/spanish\/wp-json\/wp\/v2\/types\/page"}],"author":[{"embeddable":true,"href":"https:\/\/macshanlaw.com\/spanish\/wp-json\/wp\/v2\/users\/1"}],"replies":[{"embeddable":true,"href":"https:\/\/macshanlaw.com\/spanish\/wp-json\/wp\/v2\/comments?post=184"}],"version-history":[{"count":5,"href":"https:\/\/macshanlaw.com\/spanish\/wp-json\/wp\/v2\/pages\/184\/revisions"}],"predecessor-version":[{"id":237,"href":"https:\/\/macshanlaw.com\/spanish\/wp-json\/wp\/v2\/pages\/184\/revisions\/237"}],"wp:attachment":[{"href":"https:\/\/macshanlaw.com\/spanish\/wp-json\/wp\/v2\/media?parent=184"}],"curies":[{"name":"wp","href":"https:\/\/api.w.org\/{rel}","templated":true}]}}